{"id":92,"date":"2016-10-05T00:41:20","date_gmt":"2016-10-04T22:41:20","guid":{"rendered":"http:\/\/warnamt.de\/?page_id=92"},"modified":"2025-09-21T14:39:03","modified_gmt":"2025-09-21T12:39:03","slug":"impressum","status":"publish","type":"page","link":"https:\/\/warnamt.de\/index.php\/impressum\/","title":{"rendered":"Impressum"},"content":{"rendered":"<p>Warndienst e.V.<br \/>\nHelldiek 58<br \/>\nD-27211 Bassum<\/p>\n<p>Gesch\u00e4ftsf\u00fchrender Vorstand: Mirko Krumm, Bastian Beck<\/p>\n<p><span style=\"color: #ff0000;\"><strong>Bitte sehen Sie von Kontaktversuchen bei der Stadt Bassum und Prinzh\u00f6fte-Schule ab, diese k\u00f6nnen Ihnen keinen F\u00fchrungstermin vermitteln!<\/strong><\/span><\/p>\n<p>Telefon: &#8211;<br \/>\nFax: &#8211;<br \/>\niTelex: 24118 wazw d<\/p>\n<p>EMail: info@warnamt.de<\/p>\n<p>Registergericht:<br \/>\nVereinsregisternummer:<\/p>\n<p>Inhaltlich verantwortlich: Gesamtvorstand Warndienst e.V. (Anschrift s.o.)<\/p>\n<p><b>Haftung f\u00fcr Inhalte<\/b><\/p>\n<p>Die Inhalte unserer Webseite wurden mit gr\u00f6\u00dftm\u00f6glicher Sorgfalt erstellt, jedoch \u00fcbernehmen wir keine Gew\u00e4hr f\u00fcr die Richtigkeit, Vollst\u00e4ndigkeit und Aktualit\u00e4t. Die Nutzung dieser Informationen erfolgt auf eigene Gefahr des Nutzers. Gekennzeichnete fremde Beitr\u00e4ge geben nicht immer unsere Meinung, sondern lediglich die Meinung des Autors wieder. Als Diensteanbieter sind wir gem\u00e4\u00df \u00a7 6 Abs.1 MDStV und \u00a7 8 Abs.1 TDG f\u00fcr eigene Inhalte auf diesen Seiten nach den allgemeinen Gesetzen verantwortlich. Diensteanbieter sind jedoch nicht verpflichtet, die von ihnen \u00fcbermittelten oder gespeicherten fremden Informationen zu \u00fcberwachen oder nach Umst\u00e4nden zu forschen, die auf eine rechtswidrige T\u00e4tigkeit hinweisen. Verpflichtungen zur Entfernung oder Sperrung der Nutzung von Informationen nach den allgemeinen Gesetzen bleiben hiervon unber\u00fchrt. Eine diesbez\u00fcgliche Haftung ist jedoch erst ab dem Zeitpunkt der Kenntnis einer konkreten Rechtsverletzung m\u00f6glich. Bei bekannt werden von entsprechenden Rechtsverletzungen werden wir diese Inhalte umgehend entfernen.<\/p>\n<p><b>Haftung f\u00fcr Links<\/b><\/p>\n<p>Unser Angebot beinhaltet Links zu externen Seiten Dritter. F\u00fcr diese Seiten sind die jeweiligen Betreiber verantwortlich, sodass wir keinen Einfluss auf die Inhalte haben. Bei der erstmaligen Verlinkung zu den entsprechenden Seiten haben wir die Inhalte auf offensichtliche Rechtsverst\u00f6\u00dfe \u00fcberpr\u00fcft und keine rechtswidrigen Inhalte feststellen k\u00f6nnen. Eine kontinuierliche Inhaltskontrolle der verlinkten Seiten ist uns nicht zumutbar und erfolgt daher nur bei Bestehen konkreter Anhaltspunkte von Rechtsverletzungen. Bei sp\u00e4terem Feststellen von derartigen rechtswidrigen Verletzungen werden wir die Links umgehend l\u00f6schen.<\/p>\n<p><b>Urheberrecht<\/b><\/p>\n<p>Die Inhalte unserer Webseite unterliegen dem deutschen Urheber- und Leistungsschutzrecht, sodass die Inhalte unserer Webseite nur durch eine vorherige schriftliche Zustimmung von unserer Seite verwertet werden d\u00fcrfen. Dies gilt insbesondere f\u00fcr Vervielf\u00e4ltigung, Bearbeitung, Einspeicherung, \u00fcbersetzung, Verarbeitung bzw. Wiedergabe von Inhalten in elektronischen Medien und Systemen jeglicher Art. Die Rechte Dritter werden von unserer Seite ebenfalls beachtet und daher sind fremde Inhalte als solche gekennzeichnet. Downloads und Kopien dieser Seite sind nur f\u00fcr den privaten, nicht kommerziellen Gebrauch gestattet. Die Darstellung dieser Website in fremden Frames ist nur mit schriftlicher Erlaubnis zul\u00e4ssig.<\/p>\n<p><strong>Datenschutz<\/strong><\/p>\n<p>Die vollst\u00e4ndige <a href=\"https:\/\/warnamt.de\/index.php\/datenschutzerklaerung\/\" target=\"blank\" rel=\"noopener\">Datenschutzerkl\u00e4rung<\/a> ist auf einer gesonderten Seite zu finden.<\/p>\n<p><strong>Widerspruch Werbe-Mails<\/strong><\/p>\n<p>Der Nutzung von im Rahmen der Impressumspflicht ver\u00f6ffentlichten Kontaktdaten zur \u00dcbersendung von nicht ausdr\u00fccklich angeforderter Werbung und Informationsmaterialien wird hiermit widersprochen. Die Betreiber der Seiten behalten sich ausdr\u00fccklich rechtliche Schritte im Falle der unverlangten Zusendung von Werbeinformationen, etwa durch Spam-E-Mails, vor.<\/p>\n","protected":false},"excerpt":{"rendered":"<p>Warndienst e.V. Helldiek 58 D-27211 Bassum Gesch\u00e4ftsf\u00fchrender Vorstand: Mirko Krumm, Bastian Beck Bitte sehen Sie von Kontaktversuchen bei der Stadt Bassum und Prinzh\u00f6fte-Schule ab, diese k\u00f6nnen Ihnen keinen F\u00fchrungstermin vermitteln! Telefon: &#8211; Fax: &#8211; iTelex: 24118 wazw d EMail: info@warnamt.de Registergericht: Vereinsregisternummer: Inhaltlich verantwortlich: Gesamtvorstand Warndienst e.V. (Anschrift s.o.) Haftung f\u00fcr Inhalte Die Inhalte unserer Webseite wurden mit gr\u00f6\u00dftm\u00f6glicher Sorgfalt erstellt, jedoch \u00fcbernehmen wir keine Gew\u00e4hr f\u00fcr die Richtigkeit, Vollst\u00e4ndigkeit und Aktualit\u00e4t. Die Nutzung dieser &#8230; <a title=\"Impressum\" class=\"read-more\" href=\"https:\/\/warnamt.de\/index.php\/impressum\/\">weiterlesen<\/a><\/p>\n","protected":false},"author":2,"featured_media":117,"parent":0,"menu_order":0,"comment_status":"closed","ping_status":"closed","template":"","meta":{"jetpack_post_was_ever_published":false,"footnotes":""},"class_list":["post-92","page","type-page","status-publish","has-post-thumbnail"],"jetpack_sharing_enabled":true,"jetpack_shortlink":"https:\/\/wp.me\/P7YmU7-1u","_links":{"self":[{"href":"https:\/\/warnamt.de\/index.php\/wp-json\/wp\/v2\/pages\/92","targetHints":{"allow":["GET"]}}],"collection":[{"href":"https:\/\/warnamt.de\/index.php\/wp-json\/wp\/v2\/pages"}],"about":[{"href":"https:\/\/warnamt.de\/index.php\/wp-json\/wp\/v2\/types\/page"}],"author":[{"embeddable":true,"href":"https:\/\/warnamt.de\/index.php\/wp-json\/wp\/v2\/users\/2"}],"replies":[{"embeddable":true,"href":"https:\/\/warnamt.de\/index.php\/wp-json\/wp\/v2\/comments?post=92"}],"version-history":[{"count":14,"href":"https:\/\/warnamt.de\/index.php\/wp-json\/wp\/v2\/pages\/92\/revisions"}],"predecessor-version":[{"id":41919,"href":"https:\/\/warnamt.de\/index.php\/wp-json\/wp\/v2\/pages\/92\/revisions\/41919"}],"wp:featuredmedia":[{"embeddable":true,"href":"https:\/\/warnamt.de\/index.php\/wp-json\/wp\/v2\/media\/117"}],"wp:attachment":[{"href":"https:\/\/warnamt.de\/index.php\/wp-json\/wp\/v2\/media?parent=92"}],"curies":[{"name":"wp","href":"https:\/\/api.w.org\/{rel}","templated":true}]}}