{"id":719,"date":"2018-06-17T16:03:00","date_gmt":"2018-06-17T14:03:00","guid":{"rendered":"http:\/\/warnamt.de\/?page_id=719"},"modified":"2018-06-17T17:05:30","modified_gmt":"2018-06-17T15:05:30","slug":"links","status":"publish","type":"page","link":"https:\/\/warnamt.de\/index.php\/links\/","title":{"rendered":"Links"},"content":{"rendered":"<p>Eine kleine (noch unsortierte) Linksammlung zu den Themen Warndienst und kalter Krieg, Stand Juni 2018<\/p>\n<p><a href=\"https:\/\/www.bbk.bund.de\/DE\/Service\/Downloads\/downloads_node.html\" target=\"blank\">Download-Archiv<\/a> und <a href=\"https:\/\/www.bbk.bund.de\/DE\/Service\/Publikationen\/publikationen_node.html\" target=\"blank\"> Publikationsarchiv<\/a> des Bundesamtes f\u00fcr Bev\u00f6lkerungsschutz und Katastrophenhilfe<br \/>\n<a href=\"https:\/\/www.geschichtsspuren.de\/artikel\/bunker-luftschutz-zivilschutz-\/159-warndienst.html\" target=\"blank\">\u00dcbersicht zum Warndienst in der BRD<\/a>, Geschichtsspuren.de<br \/>\n<a href=\"https:\/\/nsarchive.gwu.edu\/project\/nuclear-vault\" target=\"blank\">The Nuclear Vault<\/a> (englisch), ein Projekt des National Security Archive<br \/>\n<a href=\"http:\/\/www.orte-der-geschichte.de\/\" target=\"blank\">Orte der Geschichte e.V.<\/a>, ein Verein mit Fokus auf geschichtlich relevanten Anlagen vor allem auch aus dem kalten Krieg<br \/>\n<a href=\"http:\/\/www.vorbei-ev.de\/wwwa\/\" target=\"blank\">Vorbei e.V.<\/a>, ein Verein aus Niedersachsen, der zwei Museumsbunker betreibt<br \/>\n<a href=\"https:\/\/www.relikte.com\/index.htm\" target=\"blank\">Relikte.com<\/a>, eine Art milit\u00e4rhistorischer Reisef\u00fchrer f\u00fcr Niedersachsen und Bremen<\/p>\n","protected":false},"excerpt":{"rendered":"<p>Eine kleine (noch unsortierte) Linksammlung zu den Themen Warndienst und kalter Krieg, Stand Juni 2018 Download-Archiv und Publikationsarchiv des Bundesamtes f\u00fcr Bev\u00f6lkerungsschutz und Katastrophenhilfe \u00dcbersicht zum Warndienst in der BRD, Geschichtsspuren.de The Nuclear Vault (englisch), ein Projekt des National Security Archive Orte der Geschichte e.V., ein Verein mit Fokus auf geschichtlich relevanten Anlagen vor allem auch aus dem kalten Krieg Vorbei e.V., ein Verein aus Niedersachsen, der zwei Museumsbunker betreibt Relikte.com, eine Art milit\u00e4rhistorischer Reisef\u00fchrer &#8230; <a title=\"Links\" class=\"read-more\" href=\"https:\/\/warnamt.de\/index.php\/links\/\">weiterlesen<\/a><\/p>\n","protected":false},"author":2,"featured_media":0,"parent":0,"menu_order":0,"comment_status":"closed","ping_status":"closed","template":"","meta":{"jetpack_post_was_ever_published":false,"footnotes":""},"class_list":["post-719","page","type-page","status-publish"],"jetpack_sharing_enabled":true,"jetpack_shortlink":"https:\/\/wp.me\/P7YmU7-bB","_links":{"self":[{"href":"https:\/\/warnamt.de\/index.php\/wp-json\/wp\/v2\/pages\/719","targetHints":{"allow":["GET"]}}],"collection":[{"href":"https:\/\/warnamt.de\/index.php\/wp-json\/wp\/v2\/pages"}],"about":[{"href":"https:\/\/warnamt.de\/index.php\/wp-json\/wp\/v2\/types\/page"}],"author":[{"embeddable":true,"href":"https:\/\/warnamt.de\/index.php\/wp-json\/wp\/v2\/users\/2"}],"replies":[{"embeddable":true,"href":"https:\/\/warnamt.de\/index.php\/wp-json\/wp\/v2\/comments?post=719"}],"version-history":[{"count":3,"href":"https:\/\/warnamt.de\/index.php\/wp-json\/wp\/v2\/pages\/719\/revisions"}],"predecessor-version":[{"id":729,"href":"https:\/\/warnamt.de\/index.php\/wp-json\/wp\/v2\/pages\/719\/revisions\/729"}],"wp:attachment":[{"href":"https:\/\/warnamt.de\/index.php\/wp-json\/wp\/v2\/media?parent=719"}],"curies":[{"name":"wp","href":"https:\/\/api.w.org\/{rel}","templated":true}]}}