{"id":387,"date":"2016-12-09T16:13:58","date_gmt":"2016-12-09T15:13:58","guid":{"rendered":"http:\/\/warnamt.de\/?page_id=387"},"modified":"2019-07-20T10:30:29","modified_gmt":"2019-07-20T08:30:29","slug":"technische-daten","status":"publish","type":"page","link":"https:\/\/warnamt.de\/index.php\/technische-daten\/","title":{"rendered":"Technische Daten"},"content":{"rendered":"<p><em>Alle Leistungsdaten beziehen sich auf die urspr\u00fcnglichen Einbauten.<\/em><\/p>\n<h3>Bauwerk:<\/h3>\n<p>L\u00e4nge des Bunkers einschlie\u00dflich Sandfilterbauwerk: 35,20 m<br \/>Breite: 29,00 m<br \/>Gesamth\u00f6he: 15,70 m<br \/>Erd\u00fcberdeckung: 0,50 m<br \/>Gesamtkubus: 16.300 m\u00b3<\/p>\n<p>(maximale) personelle Belegung: 196 Personen<\/p>\n<p>Schutzgrad: S 9 (9 at\u00fc + 10% Sicherheit); Ersatzlast: 30 T\/m\u00b2; Auflast: 90 T\/m\u00b2<\/p>\n<p>Betong\u00fcte: B 450 kg\/cm\u00b2 (Z 275)<br \/>Stahlg\u00fcte: St I mit 1.400 kg\/cm\u00b2<\/p>\n<p>Nutzlast der Zwischendecken: 1.000 kg\/m\u00b2<br \/>Dicke der Geschossdecken: 0,40 m au\u00dfer Decke zwischen -3 und -4 (0,25 m)<br \/>Dicke der Sohle: 2,00 m<br \/>Dicke der Abschlussdecke: 3,00 m<\/p>\n<p>St\u00e4rke der Bleiplatten zwischen R 221 und R 222 (Hochtank und Sandfilter): 24 cm<\/p>\n<p>Gerechnete Bunkerbewegung: +\/- 0,05m in allen Ebenen<\/p>\n<p>Schwingplatte im OP-Raum: 10,00 x 12,00 m, i.M. 0,16 m dick aus Stahlbeton,<br \/>um 17mm auf Federelementen angehoben, Federelemente im Abstand von 1,60 m untereinander.<\/p>\n<p>Grobsandvorfilter: Inhalt rund 106 cbm Grobsand.<\/p>\n<h3>Klimaanlage:<\/h3>\n<p>Errechnete K\u00fchlleistung einschlie\u00dflich 10% Reserve: 90.000 kcal\/h<\/p>\n<p>Luftleistung: 30.000 m\u00b3\/h<br \/>Frischluft (Normalbel\u00fcftung): 7.500 m\u00b3\/h<br \/>Frischluft (Schutzbel\u00fcftung): 4.800 m\u00b3\/h<br \/>Schutzluft bei Ausfall aller Energiequellen: 1.080 m\u00b3\/h<\/p>\n<p>Leistung des Vork\u00fchlers: 26.000 kcal\/h<br \/>K\u00fchlleistung des Dieselraumk\u00fchlers: 26.400 kcal\/h<br \/>(Zur Abf\u00fchrung der Strahlungsw\u00e4rme von Diesel und Generator)<\/p>\n<p>K\u00e4ltemaschinenleistung: 2 x 80.000 kcal\/h<\/p>\n<p>Abzuf\u00fchrende Entfeuchtungsmenge: 15.000 g\/h<\/p>\n<p>Max. erforderliche W\u00e4rmeleistung (beim Anheizen): 140.000 kcal\/h<\/p>\n<p>Geforderte Raumtemperatur: + 20 bis 25 \u00b0C<\/p>\n<h3>Wasserversorgung:<\/h3>\n<p>Leistung der Brunnenpumpen: 2x 6 cbm\/h<\/p>\n<p>Gesamtkapazit\u00e4t der Wassertanks: 276 cbm<\/p>\n<p>Eigene Wasseraufbereitungsanlage<\/p>\n<p>Zwei Hebeanlagen (Technische Abw\u00e4sser + F\u00e4kalabwasser)<\/p>\n<p>Kl\u00e4ranlage auch zur regul\u00e4ren Versorgung au\u00dferhalb des Bunkers<\/p>\n<h3>Unterkunft:<\/h3>\n<p>Vier Schlafr\u00e4ume mit ca. 80 Betten sowie Schlafr\u00e4ume f\u00fcr weibliches Personal, Einsatz- und Warnamtsleiter<\/p>\n<p>Zwei Krankenzimmer und ein Arztraum\u00a0<\/p>\n<p>Drei Unterkunfts-\/Pausenr\u00e4ume<\/p>\n<p>Drei Duschen<\/p>\n<p>Zwei Vorratsr\u00e4ume f\u00fcr insgesamt ~5.000 EPA (Einmannpackungen)<\/p>\n\n\n<p><\/p>\n","protected":false},"excerpt":{"rendered":"<p>Alle Leistungsdaten beziehen sich auf die urspr\u00fcnglichen Einbauten. Bauwerk: L\u00e4nge des Bunkers einschlie\u00dflich Sandfilterbauwerk: 35,20 mBreite: 29,00 mGesamth\u00f6he: 15,70 mErd\u00fcberdeckung: 0,50 mGesamtkubus: 16.300 m\u00b3 (maximale) personelle Belegung: 196 Personen Schutzgrad: S 9 (9 at\u00fc + 10% Sicherheit); Ersatzlast: 30 T\/m\u00b2; Auflast: 90 T\/m\u00b2 Betong\u00fcte: B 450 kg\/cm\u00b2 (Z 275)Stahlg\u00fcte: St I mit 1.400 kg\/cm\u00b2 Nutzlast der Zwischendecken: 1.000 kg\/m\u00b2Dicke der Geschossdecken: 0,40 m au\u00dfer Decke zwischen -3 und -4 (0,25 m)Dicke der Sohle: 2,00 mDicke &#8230; <a title=\"Technische Daten\" class=\"read-more\" href=\"https:\/\/warnamt.de\/index.php\/technische-daten\/\">weiterlesen<\/a><\/p>\n","protected":false},"author":2,"featured_media":0,"parent":0,"menu_order":0,"comment_status":"closed","ping_status":"closed","template":"","meta":{"footnotes":""},"class_list":["post-387","page","type-page","status-publish"],"jetpack_sharing_enabled":true,"jetpack_shortlink":"https:\/\/wp.me\/P7YmU7-6f","_links":{"self":[{"href":"https:\/\/warnamt.de\/index.php\/wp-json\/wp\/v2\/pages\/387","targetHints":{"allow":["GET"]}}],"collection":[{"href":"https:\/\/warnamt.de\/index.php\/wp-json\/wp\/v2\/pages"}],"about":[{"href":"https:\/\/warnamt.de\/index.php\/wp-json\/wp\/v2\/types\/page"}],"author":[{"embeddable":true,"href":"https:\/\/warnamt.de\/index.php\/wp-json\/wp\/v2\/users\/2"}],"replies":[{"embeddable":true,"href":"https:\/\/warnamt.de\/index.php\/wp-json\/wp\/v2\/comments?post=387"}],"version-history":[{"count":4,"href":"https:\/\/warnamt.de\/index.php\/wp-json\/wp\/v2\/pages\/387\/revisions"}],"predecessor-version":[{"id":1071,"href":"https:\/\/warnamt.de\/index.php\/wp-json\/wp\/v2\/pages\/387\/revisions\/1071"}],"wp:attachment":[{"href":"https:\/\/warnamt.de\/index.php\/wp-json\/wp\/v2\/media?parent=387"}],"curies":[{"name":"wp","href":"https:\/\/api.w.org\/{rel}","templated":true}]}}