{"id":327,"date":"2016-12-08T18:30:36","date_gmt":"2016-12-08T17:30:36","guid":{"rendered":"http:\/\/warnamt.de\/?page_id=327"},"modified":"2016-12-08T18:32:51","modified_gmt":"2016-12-08T17:32:51","slug":"sachspenden","status":"publish","type":"page","link":"https:\/\/warnamt.de\/index.php\/unterstuetzen\/sachspenden\/","title":{"rendered":"Sachspenden"},"content":{"rendered":"<p>Wir sind st\u00e4ndig auf der Suche nach authentischer Technik und Ausr\u00fcstung, die wir im Bunker pr\u00e4sentieren k\u00f6nnen.<\/p>\n<p>Dazu geh\u00f6ren zum Beispiel Fernschreiber, alte Telefone und Schreibmaschinen, Fernseher, M\u00f6bel wie Tische oder St\u00fchle und nat\u00fcrlich Zivilschutzausr\u00fcstung aller Art.<br \/>\nEine Spendenquittung zum aktuellen Wert der Sachspende kann ab 100\u20ac ausgestellt werden, Ausnahmen sind m\u00f6glich. Ebenso k\u00f6nnen Sie eine Dauerleihgabe mit uns arrangieren.<\/p>\n<p>Nach <a href=\"http:\/\/warnamt.de\/index.php\/kontakt\/\">Kontaktaufnahme<\/a> holen wir die Ger\u00e4te selbstverst\u00e4ndlich bei Ihnen ab &#8211; oder Sie besuchen uns im Bunker und verbinden die \u00dcbergabe mit einer F\u00fchrung durch das Objekt.<\/p>\n<p>Bisherige Sachspenden und -Spender:<\/p>\n<p>&#8211; wird erg\u00e4nzt &#8211;<\/p>\n","protected":false},"excerpt":{"rendered":"<p>Wir sind st\u00e4ndig auf der Suche nach authentischer Technik und Ausr\u00fcstung, die wir im Bunker pr\u00e4sentieren k\u00f6nnen. Dazu geh\u00f6ren zum Beispiel Fernschreiber, alte Telefone und Schreibmaschinen, Fernseher, M\u00f6bel wie Tische oder St\u00fchle und nat\u00fcrlich Zivilschutzausr\u00fcstung aller Art. Eine Spendenquittung zum aktuellen Wert der Sachspende kann ab 100\u20ac ausgestellt werden, Ausnahmen sind m\u00f6glich. Ebenso k\u00f6nnen Sie eine Dauerleihgabe mit uns arrangieren. Nach Kontaktaufnahme holen wir die Ger\u00e4te selbstverst\u00e4ndlich bei Ihnen ab &#8211; oder Sie besuchen uns &#8230; <a title=\"Sachspenden\" class=\"read-more\" href=\"https:\/\/warnamt.de\/index.php\/unterstuetzen\/sachspenden\/\">weiterlesen<\/a><\/p>\n","protected":false},"author":2,"featured_media":328,"parent":330,"menu_order":0,"comment_status":"closed","ping_status":"closed","template":"","meta":{"footnotes":""},"class_list":["post-327","page","type-page","status-publish","has-post-thumbnail"],"jetpack_sharing_enabled":true,"jetpack_shortlink":"https:\/\/wp.me\/P7YmU7-5h","_links":{"self":[{"href":"https:\/\/warnamt.de\/index.php\/wp-json\/wp\/v2\/pages\/327","targetHints":{"allow":["GET"]}}],"collection":[{"href":"https:\/\/warnamt.de\/index.php\/wp-json\/wp\/v2\/pages"}],"about":[{"href":"https:\/\/warnamt.de\/index.php\/wp-json\/wp\/v2\/types\/page"}],"author":[{"embeddable":true,"href":"https:\/\/warnamt.de\/index.php\/wp-json\/wp\/v2\/users\/2"}],"replies":[{"embeddable":true,"href":"https:\/\/warnamt.de\/index.php\/wp-json\/wp\/v2\/comments?post=327"}],"version-history":[{"count":1,"href":"https:\/\/warnamt.de\/index.php\/wp-json\/wp\/v2\/pages\/327\/revisions"}],"predecessor-version":[{"id":329,"href":"https:\/\/warnamt.de\/index.php\/wp-json\/wp\/v2\/pages\/327\/revisions\/329"}],"up":[{"embeddable":true,"href":"https:\/\/warnamt.de\/index.php\/wp-json\/wp\/v2\/pages\/330"}],"wp:featuredmedia":[{"embeddable":true,"href":"https:\/\/warnamt.de\/index.php\/wp-json\/wp\/v2\/media\/328"}],"wp:attachment":[{"href":"https:\/\/warnamt.de\/index.php\/wp-json\/wp\/v2\/media?parent=327"}],"curies":[{"name":"wp","href":"https:\/\/api.w.org\/{rel}","templated":true}]}}