{"id":306,"date":"2016-12-07T14:41:43","date_gmt":"2016-12-07T13:41:43","guid":{"rendered":"http:\/\/warnamt.de\/?page_id=306"},"modified":"2016-12-07T14:42:34","modified_gmt":"2016-12-07T13:42:34","slug":"newsletter","status":"publish","type":"page","link":"https:\/\/warnamt.de\/index.php\/newsletter\/","title":{"rendered":"Newsletter"},"content":{"rendered":"<p>Sie m\u00f6chten \u00fcber aktuelle Entwicklungen rund um das Projekt und den Verein informiert werden? Hier k\u00f6nnen Sie unseren Newsletter abonnieren, der Sie ab 2017 monatlich \u00fcber alle Neuigkeiten informiert!<br \/><div class=\"tnp tnp-subscription \">\n<form method=\"post\" action=\"https:\/\/warnamt.de\/wp-admin\/admin-ajax.php?action=tnp&amp;na=s\">\n<input type=\"hidden\" name=\"nlang\" value=\"\">\n<div class=\"tnp-field tnp-field-email\"><label for=\"tnp-1\">Email<\/label>\n<input class=\"tnp-email\" type=\"email\" name=\"ne\" id=\"tnp-1\" value=\"\" placeholder=\"\" required><\/div>\n<div class=\"tnp-field tnp-privacy-field\"><label><input type=\"checkbox\" name=\"ny\" required class=\"tnp-privacy\"> <a target=\"_blank\" href=\"http:\/\/warnamt.de\/index.php\/datenschutzerklaerung\/\">Ich akzeptiere die Datenschutzerkl\u00e4rung.<\/a><\/label><\/div><div class=\"tnp-field tnp-field-button\" style=\"text-align: left\"><input class=\"tnp-submit\" type=\"submit\" value=\"abonnieren\" style=\"\">\n<\/div>\n<\/form>\n<\/div>\n<\/p>\n","protected":false},"excerpt":{"rendered":"","protected":false},"author":2,"featured_media":284,"parent":0,"menu_order":0,"comment_status":"closed","ping_status":"closed","template":"","meta":{"jetpack_post_was_ever_published":false,"footnotes":""},"class_list":["post-306","page","type-page","status-publish","has-post-thumbnail"],"jetpack_sharing_enabled":false,"jetpack_shortlink":"https:\/\/wp.me\/P7YmU7-4W","_links":{"self":[{"href":"https:\/\/warnamt.de\/index.php\/wp-json\/wp\/v2\/pages\/306","targetHints":{"allow":["GET"]}}],"collection":[{"href":"https:\/\/warnamt.de\/index.php\/wp-json\/wp\/v2\/pages"}],"about":[{"href":"https:\/\/warnamt.de\/index.php\/wp-json\/wp\/v2\/types\/page"}],"author":[{"embeddable":true,"href":"https:\/\/warnamt.de\/index.php\/wp-json\/wp\/v2\/users\/2"}],"replies":[{"embeddable":true,"href":"https:\/\/warnamt.de\/index.php\/wp-json\/wp\/v2\/comments?post=306"}],"version-history":[{"count":2,"href":"https:\/\/warnamt.de\/index.php\/wp-json\/wp\/v2\/pages\/306\/revisions"}],"predecessor-version":[{"id":308,"href":"https:\/\/warnamt.de\/index.php\/wp-json\/wp\/v2\/pages\/306\/revisions\/308"}],"wp:featuredmedia":[{"embeddable":true,"href":"https:\/\/warnamt.de\/index.php\/wp-json\/wp\/v2\/media\/284"}],"wp:attachment":[{"href":"https:\/\/warnamt.de\/index.php\/wp-json\/wp\/v2\/media?parent=306"}],"curies":[{"name":"wp","href":"https:\/\/api.w.org\/{rel}","templated":true}]}}