{"id":18,"date":"2016-10-04T23:12:49","date_gmt":"2016-10-04T21:12:49","guid":{"rendered":"http:\/\/warnamt.de\/?page_id=18"},"modified":"2018-06-17T17:20:20","modified_gmt":"2018-06-17T15:20:20","slug":"sponsoren","status":"publish","type":"page","link":"https:\/\/warnamt.de\/index.php\/sponsoren\/","title":{"rendered":"Sponsoren"},"content":{"rendered":"<p><a href=\"http:\/\/rzkh.de\/index.php\/de\" target=\"_blank\"><img loading=\"lazy\" decoding=\"async\" class=\"alignnone wp-image-158 size-medium\" src=\"http:\/\/warnamt.de\/wp-content\/uploads\/2016\/10\/personal2-300x82.png\" alt=\"Rechenzentrum Kreuznach - rkzh.de\" width=\"300\" height=\"82\" srcset=\"https:\/\/warnamt.de\/wp-content\/uploads\/2016\/10\/personal2-300x82.png 300w, https:\/\/warnamt.de\/wp-content\/uploads\/2016\/10\/personal2-768x209.png 768w, https:\/\/warnamt.de\/wp-content\/uploads\/2016\/10\/personal2-1024x278.png 1024w, https:\/\/warnamt.de\/wp-content\/uploads\/2016\/10\/personal2.png 1060w\" sizes=\"auto, (max-width: 300px) 100vw, 300px\" \/><br \/>\n<\/a>rzkh.de &#8211; Rechenzentrum Kreuznach: Hosting des Webservers<\/p>\n<h2>Sachspender<\/h2>\n<p>Wir danken folgenden privaten, gewerblichen und amtlichen Unterst\u00fctzern f\u00fcr die Erweiterung unserer Ausstellung:<\/p>\n<p><a href=\"https:\/\/www.ebay.de\/usr\/nachschubmeister\" target=\"blank\">Alfred A\u00dfmann<\/a><br \/>\nHans-Hermann Breede (<a href=\"http:\/\/www.dk0mu.de\/\" target=\"blank\">DK9QP<\/a>)<br \/>\nNorbert (<a href=\"https:\/\/www.verstaerkeramt.eu\/?page_id=94\" target=\"blank\">DL1YDW<\/a>)<br \/>\n<a href=\"http:\/\/www.bfs.de\/\" target=\"blank\">Bundesamt f\u00fcr Strahlenschutz<\/a><br \/>\n<a href=\"https:\/\/www.stadt-muenster.de\/feuerwehr\/\" target=\"blank\">Berufsfeuerwehr M\u00fcnster<\/a><br \/>\n<a href=\"https:\/\/www.oldenburg.de\/\" target=\"blank\">Stadt Oldenburg<\/a><br \/>\n<a href=\"http:\/\/www.hamburg.de\/eimsbuettel\/\" target=\"blank\">Stadt Hamburg, Bezirksamt Eimsb\u00fcttel<\/a><br \/>\n<a href=\"https:\/\/www.bundesimmobilien.de\/\" target=\"blank\">Bundesanstalt f\u00fcr Immobilienaufgaben<\/a><\/p>\n","protected":false},"excerpt":{"rendered":"<p>rzkh.de &#8211; Rechenzentrum Kreuznach: Hosting des Webservers Sachspender Wir danken folgenden privaten, gewerblichen und amtlichen Unterst\u00fctzern f\u00fcr die Erweiterung unserer Ausstellung: Alfred A\u00dfmann Hans-Hermann Breede (DK9QP) Norbert (DL1YDW) Bundesamt f\u00fcr Strahlenschutz Berufsfeuerwehr M\u00fcnster Stadt Oldenburg Stadt Hamburg, Bezirksamt Eimsb\u00fcttel Bundesanstalt f\u00fcr Immobilienaufgaben<\/p>\n","protected":false},"author":2,"featured_media":0,"parent":0,"menu_order":0,"comment_status":"closed","ping_status":"closed","template":"","meta":{"jetpack_post_was_ever_published":false,"footnotes":""},"class_list":["post-18","page","type-page","status-publish"],"jetpack_sharing_enabled":true,"jetpack_shortlink":"https:\/\/wp.me\/P7YmU7-i","_links":{"self":[{"href":"https:\/\/warnamt.de\/index.php\/wp-json\/wp\/v2\/pages\/18","targetHints":{"allow":["GET"]}}],"collection":[{"href":"https:\/\/warnamt.de\/index.php\/wp-json\/wp\/v2\/pages"}],"about":[{"href":"https:\/\/warnamt.de\/index.php\/wp-json\/wp\/v2\/types\/page"}],"author":[{"embeddable":true,"href":"https:\/\/warnamt.de\/index.php\/wp-json\/wp\/v2\/users\/2"}],"replies":[{"embeddable":true,"href":"https:\/\/warnamt.de\/index.php\/wp-json\/wp\/v2\/comments?post=18"}],"version-history":[{"count":5,"href":"https:\/\/warnamt.de\/index.php\/wp-json\/wp\/v2\/pages\/18\/revisions"}],"predecessor-version":[{"id":732,"href":"https:\/\/warnamt.de\/index.php\/wp-json\/wp\/v2\/pages\/18\/revisions\/732"}],"wp:attachment":[{"href":"https:\/\/warnamt.de\/index.php\/wp-json\/wp\/v2\/media?parent=18"}],"curies":[{"name":"wp","href":"https:\/\/api.w.org\/{rel}","templated":true}]}}