{"id":16,"date":"2016-10-04T23:12:34","date_gmt":"2016-10-04T21:12:34","guid":{"rendered":"http:\/\/warnamt.de\/?page_id=16"},"modified":"2016-12-09T16:40:46","modified_gmt":"2016-12-09T15:40:46","slug":"der-verein","status":"publish","type":"page","link":"https:\/\/warnamt.de\/index.php\/der-verein\/","title":{"rendered":"Der Verein"},"content":{"rendered":"<p><strong>Warnamt II e. V. &#8211; Wer sind wir und was machen wir?<\/strong><\/p>\n<p>Am Anfang stand eine Idee. Die Idee, einen Bunker der \u00d6ffentlichkeit zug\u00e4nglich zu machen und gleichzeitig dessen Geschichte zu konservieren. Gerade in der heutigen Zeit ist es wichtig, gegen das Vergessen anzuk\u00e4mpfen. Auch weniger bekannte Bestandteile der Geschichte des Kalten Krieg, wie zum Beispiel der <a href=\"http:\/\/www.geschichtsspuren.de\/artikel\/28-bunker-luftschutz-zivilschutz\/159-warndienst.html\">Warndienst in Deutschland<\/a>, geh\u00f6ren zu unserer Vergangenheit und sind es wert, im kollektiven Ged\u00e4chtnis zu bleiben.<\/p>\n<p>So kam es, dass wir Anfang 2016 Kontakt mit der Prinzh\u00f6fte-Schule in Bassum aufnahmen, die seit 2001 Eigent\u00fcmerin des ehemaligen Warnamtsgel\u00e4ndes ist. Die Schule hat unsere Idee durchaus positiv aufgenommen und stellte uns den Warnamtsbunker f\u00fcr unser Projekt zur Verf\u00fcgung. Hierf\u00fcr m\u00f6chten wir allen Beteiligten, insbesondere dem Schulvorstand sowie den Elternvertretern, noch einmal herzlich danken!<\/p>\n<p>Nach einigen Aufrufen in sozialen Netzwerken fand am 18.06.2016 unsere Gr\u00fcndungsversammlung statt.18 Personen folgten dem Aufruf und erkl\u00e4rten sich bereit, die Idee im Rahmen ihrer individuellen M\u00f6glichkeiten zu unterst\u00fctzen. Ihre Intention war unterschiedlichster Art \u2013 Technikbegeisterung, Geschichtsinteresse oder Neugier veranlassten sie zur Teilnahme.<\/p>\n<p>Wenig sp\u00e4ter liefen die Renovierungsma\u00dfnahmen im Bunker an. Das nach der R\u00e4umung im Jahr 1996 verbliebene Inventar wurde gesichtet, Sicherungsma\u00dfnahmen gegen unerw\u00fcnschtes Betreten wurden angebracht und die wichtigste Beleuchtung instandgesetzt. Seitdem wird in jeder freien Minute gearbeitet. Die Energieversorgung des Bunkers, die Telekommunikationseinrichtungen, Wasser und Abwasser, Heizung und L\u00fcftung m\u00fcssen begutachtet und gegebenenfalls repariert werden. Alte Fernmeldetechnik, die uns gespendet wird, muss aus ganz Deutschland abgeholt und instandgesetzt werden. Das alles bewerkstelligen die mittlerweile 22 Mitglieder des Vereins in ihrer freien Zeit, um das Projekt voranzutreiben.<\/p>\n<p>Unser Ziel ist es, den Bunker weitestgehend in den Originalzustand zur\u00fcckzuversetzen, um allen Interessierten einen Einblick in die Arbeit des ehemaligen Warndienstes in Deutschland geben zu k\u00f6nnen. Wir m\u00f6chten die Geschichte erlebbar machen und gleichzeitig das entsprechende Wissen \u00fcbermitteln \u2013 sei es durch F\u00fchrungen oder auch durch besondere Angebote, wie zum Beispiel \u00dcbernachtungen im Bunker. Unsere Tr\u00e4ume sind gro\u00df und vielf\u00e4ltig. Wir hoffen, einige davon verwirklichen zu k\u00f6nnen.<\/p>\n<p>Bis dahin wartet allerdings noch ein Haufen Arbeit auf uns. Nicht zuletzt m\u00fcssen auch noch diverse Vorschriften eingehalten und Genehmigungen beantragt werden, damit wir den Bunker wirklich f\u00fcr die Allgemeinheit \u00f6ffnen k\u00f6nnen.<\/p>\n<p>Es gibt viel zu tun! Packen wir es an!<\/p>\n<p>Unterst\u00fctzung jeglicher Art ist herzlich Willkommen! Da wir momentan noch keinerlei finanzielle Grundlage haben,\u00a0 sind wir angewiesen auf <a href=\"http:\/\/warnamt.de\/index.php\/unterstuetzen\/sachspenden\/\">Sachspenden<\/a> in Form von M\u00f6beln oder alter Technik (Fernschreiber, Telefone etc.), Geldspenden f\u00fcr Instandsetzungsma\u00dfnahmen und tatkr\u00e4ftige Hilfe vor Ort. F\u00fcr Interessierte steht das <a href=\"http:\/\/warnamt.de\/index.php\/kontakt\/\">Kontaktformular<\/a> als hei\u00dfer Draht zum Vorstand zur Verf\u00fcgung.<\/p>\n","protected":false},"excerpt":{"rendered":"<p>Warnamt II e. V. &#8211; Wer sind wir und was machen wir? Am Anfang stand eine Idee. Die Idee, einen Bunker der \u00d6ffentlichkeit zug\u00e4nglich zu machen und gleichzeitig dessen Geschichte zu konservieren. Gerade in der heutigen Zeit ist es wichtig, gegen das Vergessen anzuk\u00e4mpfen. Auch weniger bekannte Bestandteile der Geschichte des Kalten Krieg, wie zum Beispiel der Warndienst in Deutschland, geh\u00f6ren zu unserer Vergangenheit und sind es wert, im kollektiven Ged\u00e4chtnis zu bleiben. So kam &#8230; <a title=\"Der Verein\" class=\"read-more\" href=\"https:\/\/warnamt.de\/index.php\/der-verein\/\">weiterlesen<\/a><\/p>\n","protected":false},"author":2,"featured_media":111,"parent":0,"menu_order":0,"comment_status":"closed","ping_status":"closed","template":"","meta":{"footnotes":""},"class_list":["post-16","page","type-page","status-publish","has-post-thumbnail"],"jetpack_sharing_enabled":true,"jetpack_shortlink":"https:\/\/wp.me\/P7YmU7-g","_links":{"self":[{"href":"https:\/\/warnamt.de\/index.php\/wp-json\/wp\/v2\/pages\/16","targetHints":{"allow":["GET"]}}],"collection":[{"href":"https:\/\/warnamt.de\/index.php\/wp-json\/wp\/v2\/pages"}],"about":[{"href":"https:\/\/warnamt.de\/index.php\/wp-json\/wp\/v2\/types\/page"}],"author":[{"embeddable":true,"href":"https:\/\/warnamt.de\/index.php\/wp-json\/wp\/v2\/users\/2"}],"replies":[{"embeddable":true,"href":"https:\/\/warnamt.de\/index.php\/wp-json\/wp\/v2\/comments?post=16"}],"version-history":[{"count":3,"href":"https:\/\/warnamt.de\/index.php\/wp-json\/wp\/v2\/pages\/16\/revisions"}],"predecessor-version":[{"id":397,"href":"https:\/\/warnamt.de\/index.php\/wp-json\/wp\/v2\/pages\/16\/revisions\/397"}],"wp:featuredmedia":[{"embeddable":true,"href":"https:\/\/warnamt.de\/index.php\/wp-json\/wp\/v2\/media\/111"}],"wp:attachment":[{"href":"https:\/\/warnamt.de\/index.php\/wp-json\/wp\/v2\/media?parent=16"}],"curies":[{"name":"wp","href":"https:\/\/api.w.org\/{rel}","templated":true}]}}