{"id":120,"date":"2016-10-05T01:49:07","date_gmt":"2016-10-04T23:49:07","guid":{"rendered":"http:\/\/warnamt.de\/?page_id=120"},"modified":"2017-10-06T23:36:34","modified_gmt":"2017-10-06T21:36:34","slug":"warnamt-ii","status":"publish","type":"page","link":"https:\/\/warnamt.de\/index.php\/geschichte\/warnamt-ii\/","title":{"rendered":"Warnamt II"},"content":{"rendered":"<p><figure id=\"attachment_601\" aria-describedby=\"caption-attachment-601\" style=\"width: 224px\" class=\"wp-caption alignright\"><a href=\"http:\/\/warnamt.de\/wp-content\/uploads\/2017\/10\/Lageplan-Gel\u00e4nde.jpg\"><img loading=\"lazy\" decoding=\"async\" src=\"http:\/\/warnamt.de\/wp-content\/uploads\/2017\/10\/Lageplan-Gel\u00e4nde-234x300.jpg\" alt=\"\" width=\"234\" height=\"300\" class=\"size-medium wp-image-601\" srcset=\"https:\/\/warnamt.de\/wp-content\/uploads\/2017\/10\/Lageplan-Gel\u00e4nde-234x300.jpg 234w, https:\/\/warnamt.de\/wp-content\/uploads\/2017\/10\/Lageplan-Gel\u00e4nde.jpg 767w\" sizes=\"auto, (max-width: 234px) 100vw, 234px\" \/><\/a><figcaption id=\"caption-attachment-601\" class=\"wp-caption-text\">urspr\u00fcnglicher Bebauungsplan f\u00fcr das Gel\u00e4nde am Helldiek<\/figcaption><\/figure><br \/>\n<strong>05.05.1959: <\/strong>Anmietung einer Verwaltungsbaracke auf dem Gel\u00e4nde der ehemaligen Lungenheilst\u00e4tte Bassum<\/p>\n<p><strong>30.06.1959: <\/strong>Anmietung einer weiteren Baracke zur Aufnahme der technischen und taktischen Einrichtungen<\/p>\n<p><strong>26.10.1960:<\/strong> Baubeginn auf dem Gel\u00e4nde in Helldiek<\/p>\n<p><strong>07.07.1961: <\/strong>Bunker-Richtfest<\/p>\n<p><strong>10.01.1962: <\/strong>Erster Probealarm im Warngebiet II (Luftalarm, ABC-Alarm, Entwarnung) aus dem Provisorium, Baubeginn Unterkunfts- und Verwaltungsgeb\u00e4ude<\/p>\n<p><strong>08.03.1962:<\/strong> Baubeginn Richtfunkturm, Fertigstellung im M\u00e4rz<\/p>\n<p><strong>10.07.1962:<\/strong> Verwaltungsgeb\u00e4ude gerichtet, Unterkunftsgeb\u00e4ude im August <figure id=\"attachment_600\" aria-describedby=\"caption-attachment-600\" style=\"width: 200px\" class=\"wp-caption alignright\"><a href=\"http:\/\/warnamt.de\/wp-content\/uploads\/2017\/10\/Lage-Warn\u00e4mter-mit-Legende.jpg\"><img loading=\"lazy\" decoding=\"async\" src=\"http:\/\/warnamt.de\/wp-content\/uploads\/2017\/10\/Lage-Warn\u00e4mter-mit-Legende-210x300.jpg\" alt=\"\" width=\"210\" height=\"300\" class=\"size-medium wp-image-600\" srcset=\"https:\/\/warnamt.de\/wp-content\/uploads\/2017\/10\/Lage-Warn\u00e4mter-mit-Legende-210x300.jpg 210w, https:\/\/warnamt.de\/wp-content\/uploads\/2017\/10\/Lage-Warn\u00e4mter-mit-Legende.jpg 569w\" sizes=\"auto, (max-width: 210px) 100vw, 210px\" \/><\/a><figcaption id=\"caption-attachment-600\" class=\"wp-caption-text\">Aufteilung der 10 Warngebiete in Westdeutschland<\/figcaption><\/figure><\/p>\n<p><strong>23.01.1962:<\/strong> Erster Probealarm wird vom Warnbunker aus ausgel\u00f6st, offizielle Inbetriebnahme des Bunkers im M\u00e4rz<\/p>\n<p><strong>05.07.1963:<\/strong> Abschluss der Stra\u00dfen- und Parkplatzarbeiten<\/p>\n<p><strong>09.06.1964:<\/strong> Der erste Leiter des Warnamtes II, Dr. Hans Maa\u00df, verstirbt bei einem Verkehrsunfall<\/p>\n<p><strong>01.09.1964:<\/strong> Dienstantritt des zweiten Warnamtsleiters, Gerhart Mehnert<\/p>\n<p><strong>12.09.1964: <\/strong>Schmutzwasserhebeanlage und Kl\u00e4ranlage fertiggestellt<\/p>\n<p><strong>1966:<\/strong> Einbau einer Rohrpostanlage, Installation des St\u00f6rungsmeldetableaus und Fertigstellung des Feuerl\u00f6schteiche<\/p>\n<p><strong>1967:<\/strong> K\u00fchlr\u00e4ume im Warnbunker eingerichtet, Tankstelle fertiggestellt<\/p>\n<p><strong>31.03.1968:<\/strong> Wasserrohrbruch der Versorgungsleitung: 500m\u00b3 Erde mussten bewegt werden <figure id=\"attachment_607\" aria-describedby=\"caption-attachment-607\" style=\"width: 203px\" class=\"wp-caption alignright\"><a href=\"http:\/\/warnamt.de\/wp-content\/uploads\/2017\/10\/WA-Schema.jpg\"><img loading=\"lazy\" decoding=\"async\" src=\"http:\/\/warnamt.de\/wp-content\/uploads\/2017\/10\/WA-Schema-213x300.jpg\" alt=\"\" width=\"213\" height=\"300\" class=\"size-medium wp-image-607\" srcset=\"https:\/\/warnamt.de\/wp-content\/uploads\/2017\/10\/WA-Schema-213x300.jpg 213w, https:\/\/warnamt.de\/wp-content\/uploads\/2017\/10\/WA-Schema.jpg 543w\" sizes=\"auto, (max-width: 213px) 100vw, 213px\" \/><\/a><figcaption id=\"caption-attachment-607\" class=\"wp-caption-text\">Arbeitsschema eines Warnamtes<\/figcaption><\/figure><\/p>\n<p><strong>1969:<\/strong> Erneuerung der Luftlagekarte, Einrichtung eines TELEX-Anschlusses, Einbau der Personenrufanlage und elektrischer T\u00fcrschlie\u00dfanlage<\/p>\n<p><strong>1971:<\/strong> Einrichtung einer Polizeifunk-Relaistation auf dem Gittermast, Einrichtung der Fiktiven Knoten Bassum und Delmenhorst<\/p>\n<p><strong>1972:<\/strong> Einbau der Ionisations-Feuermeldeanlage<\/p>\n<p><strong>25.09.1972:<\/strong> Verleihung des Bundesverdienstkreuzes am Bande f\u00fcr den Warnamtsleiter Herr Mehnert<\/p>\n<p><strong>1973:<\/strong> CO-Warnanlage eingebaut<\/p>\n<p><strong>1974:<\/strong> Einrichtung einer Probenahmestation des Umweltbundesamtes <figure id=\"attachment_606\" aria-describedby=\"caption-attachment-606\" style=\"width: 290px\" class=\"wp-caption alignright\"><a href=\"http:\/\/warnamt.de\/wp-content\/uploads\/2017\/10\/Sirenenerprobung.jpg\"><img loading=\"lazy\" decoding=\"async\" src=\"http:\/\/warnamt.de\/wp-content\/uploads\/2017\/10\/Sirenenerprobung-300x199.jpg\" alt=\"\" width=\"300\" height=\"199\" class=\"size-medium wp-image-606\" srcset=\"https:\/\/warnamt.de\/wp-content\/uploads\/2017\/10\/Sirenenerprobung-300x199.jpg 300w, https:\/\/warnamt.de\/wp-content\/uploads\/2017\/10\/Sirenenerprobung-768x508.jpg 768w, https:\/\/warnamt.de\/wp-content\/uploads\/2017\/10\/Sirenenerprobung-1024x678.jpg 1024w, https:\/\/warnamt.de\/wp-content\/uploads\/2017\/10\/Sirenenerprobung.jpg 1159w\" sizes=\"auto, (max-width: 300px) 100vw, 300px\" \/><\/a><figcaption id=\"caption-attachment-606\" class=\"wp-caption-text\">Sirenenprobe am Einsatzleitertisch<\/figcaption><\/figure><\/p>\n<p><strong>1976:<\/strong> Verglasung der Galerie auf -1 wird durch Blech ersetzt<\/p>\n<p><strong>1979:<\/strong> UKW-Rundspruchsender auf dem Gittermast wird au\u00dfer Betrieb genommen, erneuter Rohrbruch der Versorgungsleitungen: Kanalsch\u00e4chte verlegt<\/p>\n<p><strong>30.09.1979:<\/strong> Tag der offenen T\u00fcr mit Bunkerf\u00fchrungen, etwa 3.000 Besucher <\/p>\n<p><strong>06.\/07.09.1979:<\/strong> Teilnahme an der internationalen Warndienst\u00fcbung \u201eINTEX79\u201c<\/p>\n<p><strong>Oktober 1979:<\/strong> Bruch der Rohr- und Trinkwasserleitungen am Bunker <figure id=\"attachment_609\" aria-describedby=\"caption-attachment-609\" style=\"width: 213px\" class=\"wp-caption alignright\"><a href=\"http:\/\/warnamt.de\/wp-content\/uploads\/2017\/10\/BZS.jpg\"><img loading=\"lazy\" decoding=\"async\" src=\"http:\/\/warnamt.de\/wp-content\/uploads\/2017\/10\/BZS-223x300.jpg\" alt=\"\" width=\"223\" height=\"300\" class=\"size-medium wp-image-609\" srcset=\"https:\/\/warnamt.de\/wp-content\/uploads\/2017\/10\/BZS-223x300.jpg 223w, https:\/\/warnamt.de\/wp-content\/uploads\/2017\/10\/BZS.jpg 642w\" sizes=\"auto, (max-width: 223px) 100vw, 223px\" \/><\/a><figcaption id=\"caption-attachment-609\" class=\"wp-caption-text\">Gliederung des Bundesamtes f\u00fcr Zivilschutz<\/figcaption><\/figure><\/p>\n<p><strong>Oktober 1980:<\/strong> Teilnahme an der internationalen Warndienst\u00fcbung \u201eINTEX 80\u201c<\/p>\n<p><strong>1981:<\/strong> Einbau der elektronischen Fernsprechvermittlung EMS 80<\/p>\n<p><strong>1982:<\/strong> \u00dcbertragung der Entscheidung \u00fcber Ausl\u00f6sung und Aufhebung von Luftalarm auf die Warndienst-Verbindungsstellen (WDVerbStn).<\/p>\n<p><strong>15.05.1982:<\/strong> 2. Tag der offenen T\u00fcr mit etwa 450 Besuchern.<\/p>\n<p><strong>Winter 1982\/83:<\/strong> Feldversuch eines neuen Darstellungsverfahrens der Luftlage<\/p>\n<p><strong>September 1983:<\/strong> Erste Versuche der Verwendung von Rechnern und Monitoren zur Auswertung und Darstellung der ABC-Lage. Anwendung des Rechners \u201eSinclair ZX 81\u201c<\/p>\n<p><strong>Dezember 1983:<\/strong> Einf\u00fchrung des Rechners \u201eC 64\u201c <figure id=\"attachment_602\" aria-describedby=\"caption-attachment-602\" style=\"width: 290px\" class=\"wp-caption alignright\"><a href=\"http:\/\/warnamt.de\/wp-content\/uploads\/2017\/10\/Luftlagekarte.jpg\"><img loading=\"lazy\" decoding=\"async\" src=\"http:\/\/warnamt.de\/wp-content\/uploads\/2017\/10\/Luftlagekarte-300x215.jpg\" alt=\"\" width=\"300\" height=\"215\" class=\"size-medium wp-image-602\" srcset=\"https:\/\/warnamt.de\/wp-content\/uploads\/2017\/10\/Luftlagekarte-300x215.jpg 300w, https:\/\/warnamt.de\/wp-content\/uploads\/2017\/10\/Luftlagekarte-768x549.jpg 768w, https:\/\/warnamt.de\/wp-content\/uploads\/2017\/10\/Luftlagekarte-1024x732.jpg 1024w, https:\/\/warnamt.de\/wp-content\/uploads\/2017\/10\/Luftlagekarte.jpg 1289w\" sizes=\"auto, (max-width: 300px) 100vw, 300px\" \/><\/a><figcaption id=\"caption-attachment-602\" class=\"wp-caption-text\">Luftlagekarte im Einsatzraum<\/figcaption><\/figure><\/p>\n<p><strong>29.03.1984:<\/strong> Besuch des Pr\u00e4sidenten des Bundesverbandes f\u00fcr den Zivilschutz, Herrn Dr. Paul Wilhelm Kolb<\/p>\n<p><strong>Juli 1984:<\/strong> General\u00fcberholung der Trinkwasserbeh\u00e4lter.<\/p>\n<p><strong>01.07.1984:<\/strong> Fortfall der Dauerleitung zum Warnamt V. Damit ist das gesamte Verst\u00e4ndigungsnetz des Warndienstes jetzt ein Reservenetz. Fortfall der Verst\u00e4ndigungsleitungen zu den WDVerbStn 72 und 51 sowie der Kartenleitung zur WDVerbSt 72.<\/p>\n<p><strong>Juli 1984:<\/strong> 25-j\u00e4hriges Jubil\u00e4um des Warnamtes.<\/p>\n<p><strong>August 1984:<\/strong> Umbau der Heizungsanlage in den U- und V-Geb\u00e4uden <figure id=\"attachment_608\" aria-describedby=\"caption-attachment-608\" style=\"width: 290px\" class=\"wp-caption alignright\"><a href=\"http:\/\/warnamt.de\/wp-content\/uploads\/2017\/10\/ABC-Warn-und-Alarmkarte.jpg\"><img loading=\"lazy\" decoding=\"async\" src=\"http:\/\/warnamt.de\/wp-content\/uploads\/2017\/10\/ABC-Warn-und-Alarmkarte-300x213.jpg\" alt=\"\" width=\"300\" height=\"213\" class=\"size-medium wp-image-608\" srcset=\"https:\/\/warnamt.de\/wp-content\/uploads\/2017\/10\/ABC-Warn-und-Alarmkarte-300x213.jpg 300w, https:\/\/warnamt.de\/wp-content\/uploads\/2017\/10\/ABC-Warn-und-Alarmkarte-768x545.jpg 768w, https:\/\/warnamt.de\/wp-content\/uploads\/2017\/10\/ABC-Warn-und-Alarmkarte-1024x727.jpg 1024w, https:\/\/warnamt.de\/wp-content\/uploads\/2017\/10\/ABC-Warn-und-Alarmkarte.jpg 1396w\" sizes=\"auto, (max-width: 300px) 100vw, 300px\" \/><\/a><figcaption id=\"caption-attachment-608\" class=\"wp-caption-text\">ABC-Warn und -Alarmkarte<\/figcaption><\/figure><\/p>\n<p><strong>Dezember 1984:<\/strong> Auskleidung der Trinkwasserbeh\u00e4lter auf Ebene -4<\/p>\n<p><strong>16.\/17.03.1985:<\/strong> Teilnahme an der internationalen Warndienst\u00fcbung \u201eINTEX 85\u201c<\/p>\n<p><strong>01.09.1985:<\/strong> Wechsel in der Leitung des Bundesamtes f\u00fcr Zivilschutz. Dr. Paul Wilhelm Kolb wird durch Hans Georg Dusch abgel\u00f6st.<\/p>\n<p><strong>September\/Oktober 1985:<\/strong> Auskleidung der \u00d6lbeh\u00e4lter auf Ebene -4<\/p>\n<p><strong>September 1985:<\/strong> Einf\u00fchrung der Rundfunkwarndurchsagen unter Anwendung der vom Warnamt II entwickelten \u201eRuFO\u201c <\/p>\n<p><strong>29.04.1986:<\/strong> Nach Kernkraftwerksunfall in Tschernobyl erhebliche Belastung der Warnamts II durch Anfragen von Beh\u00f6rden und Privatpersonen \u00fcber Me\u00dfwerte und Verhaltsma\u00dfnahmen. Wenige Tage sp\u00e4ter Demonstration der Gr\u00fcnen und der Alternativen W\u00e4hlergemeinschaft (AWGS) vor dem Warnamt II mit ca. 100 Teilnehmern. Gefordert wurde die Herausgabe von Strahlenwerten.<\/p>\n<p><strong>Juni 1986:<\/strong> Besuch des Staatssekret\u00e4rs im Bundesministerium des Inneren, Herrn Dr. Horst Waffenschmidt<\/p>\n<p><strong>August\/September1986:<\/strong> Umbauarbeiten zur Verlegung der ABC-Auswertung in den Einsatzraum<\/p>\n<p><strong>Juni-August 1987:<\/strong> Entfernen des Holzfu\u00dfbodens im Einsatzraum sowie in den R\u00e4umen 209 und 210. Darauffolgend Einbau eines Fu\u00dfbodens mit antistatischem Belag<\/p>\n<p><strong>02.11.1987<\/strong>: Inbetriebnahme der EDV-Anlage mit \u00dcbungsprogramm \u201eQ-Office\u201c. Wenige Wochen sp\u00e4ter Einprogrammierung des ersten WADIS-Programms \u201eZ-Station II\u201c<\/p>\n<p><strong>08.12.1987:<\/strong> Austausch der Makropumpen des Umweltbundesamtes gegen Luftstaubsammler mit automatischem Filterwechsel<\/p>\n<p><strong>Mai 1988:<\/strong> Verlegungsarbeiten Trinkwasserleitung und FM-Kabel zwischen Unterkunfts- und Verwaltungsgeb\u00e4ude<\/p>\n<p><strong>August\/September 1989:<\/strong> Verlegung der Vermittlung<\/p>\n<p><strong>29.\/30.09.1989:<\/strong> \u201eTage der Umwelt\u201c \u2013 Tag der offenen T\u00fcr mit Ausstellungen und Informationen \u00fcber Umweltschutz-Themen, Umweltforschung, Me\u00dftechnik, Warnsysteme etc. Ca. 2000 Besucher.<\/p>\n<p><strong>November 1989:<\/strong> Einbau der Schockgestelle f\u00fcr die Rechneranlage. Umr\u00fcstungen im Traforaum.<\/p>\n<p><strong>Dezember 1989:<\/strong> Kurzfristige \u00dcberlegungen zur Unterbringung von DDR-\u00dcbersiedlern im Warnamt.<\/p>\n<p><strong>30.05.1990:<\/strong> Informationsbesuch der \u201eNATO Working Group for Experts\u201c im Warnamt mit Vorf\u00fchrung WADIS<\/p>\n<p><strong>20.06.1990:<\/strong> Abholung aller 5268 Einmannpackungen Verpflegung (EPA) durch den Malteser Hilfsdienst zum Transport nach Rum\u00e4nien<\/p>\n<p><strong>September 1990:<\/strong> General\u00fcberholung der Kl\u00e4ranlage<\/p>\n<p><strong>19.11.1990:<\/strong> Dienstantritt des neuen Warnamtsleiters Lutz G. Protze<\/p>\n<p><strong>18.12.1990:<\/strong> Letzte monatliche Probedurchsage an die Warnstellen<\/p>\n<p><strong>01.01.1991:<\/strong> Abschaltung der oberen Steuernetzebene und des Verst\u00e4ndigungsnetzes des Warndienstes<\/p>\n<p><strong>Mai 1991:<\/strong> Vorschlag des Bundesministers des Inneren, Herrn Dr. Wolfgang Sch\u00e4uble, das Warndienst-Me\u00dfnetz einschlie\u00dflich der Warndienst-Rechner und der 10 nuklidspezifischen Me\u00dffahrzeuge dem Bundeministerium f\u00fcr Umwelt, Naturschutz und Reaktorsicherheit, vertreten durch Herrn Dr. Klaus T\u00f6pfer, zuzuordnen. Vorschlag wurde im November 1991 abgelehnt.<\/p>\n<p><strong>September 1991:<\/strong> Beginn der Bauarbeiten an der Garage f\u00fcr das Me\u00dffahrzeug, hierbei Amtshilfe durch das THW.<\/p>\n<p><strong>Oktober 1991:<\/strong> Umbauarbeiten am Raum der Warnbereitschaft zur Erh\u00f6hung der Sicherheit. Demontage der K\u00fchlmaschine in der Klimaanlage.<\/p>\n<p><strong>November 1991:<\/strong> Sanierung des Bunkereingangs und der Garagenauffahrt.<\/p>\n<p><strong>April 1992:<\/strong> Teilnahme an der internationalen Warndienst\u00fcbung \u201eINTEX 92\u201c.<\/p>\n<p><strong>August 1992:<\/strong> \u00dcberlegung der Unterbringung von Asylbewerbern im Warnamt. Ablehnung des Vorschlags im Oktober 1992.<\/p>\n<p><strong>August 1992:<\/strong> Neubau der Garage f\u00fcr das Me\u00dffahrzeug<\/p>\n<p><strong>Dezember 1992:<\/strong> Die Bundesregierung denkt \u00fcber Sparma\u00dfnahmen im Warndienst nach. Hauptamtliche Mitarbeiter sollen in Bassum um ein Drittel reduziert werden. Abschaffung der zentralen Sirenensteuerung.<\/p>\n<p><strong>M\u00e4rz 1992:<\/strong> Teilnahme an der internationalen Warndienst\u00fcbung \u201eINTEX 92\u201c<\/p>\n<p><strong>30.09.1993:<\/strong> 30-j\u00e4hriges Jubil\u00e4um des Warnamtes II<\/p>\n<p><strong>Dezember 1994:<\/strong> Aufl\u00f6sung der Leitme\u00dfstelle Aurich des Warnamtes II<\/p>\n<p><strong>April 1995:<\/strong> Die Schlie\u00dfung des Warnamtes II zeichnet sich ab. Warnamtsleiter Lutz Protze wird Leiter des neuen Warnamtes in Berlin.<\/p>\n<p><strong>27.06.1996:<\/strong> Das Warnamt II in Bassum wird unter Leitung von Ulrich H\u00fctten endg\u00fcltig geschlossen. Grundst\u00fcck und Geb\u00e4ude gehen an das Bundesverm\u00f6gensamt \u00fcber. Das Inventar wurde u. a. an die Bundeswehr in Barnsdorf oder die Polizei in Bassum abgegeben.<\/p>\n<p><strong>2001:<\/strong> Das Gel\u00e4nde des Warnamts wird von der privaten Prinzh\u00f6fte-Schule gekauft. Der Schulbetrieb wird aufgenommen.<\/p>\n<p><strong>Anfang 2016:<\/strong> Gespr\u00e4che mit der Schulleitung zur \u00dcbernahme des Bunkers durch den noch zu gr\u00fcndenden Verein Warnamt II e. V. finden statt.<\/p>\n<p><strong>18.06.2016:<\/strong> Gr\u00fcndungsversammlung Warnamt II e. V. Renovierungsma\u00dfnahmen laufen an.<\/p>\n","protected":false},"excerpt":{"rendered":"<p>05.05.1959: Anmietung einer Verwaltungsbaracke auf dem Gel\u00e4nde der ehemaligen Lungenheilst\u00e4tte Bassum 30.06.1959: Anmietung einer weiteren Baracke zur Aufnahme der technischen und taktischen Einrichtungen 26.10.1960: Baubeginn auf dem Gel\u00e4nde in Helldiek 07.07.1961: Bunker-Richtfest 10.01.1962: Erster Probealarm im Warngebiet II (Luftalarm, ABC-Alarm, Entwarnung) aus dem Provisorium, Baubeginn Unterkunfts- und Verwaltungsgeb\u00e4ude 08.03.1962: Baubeginn Richtfunkturm, Fertigstellung im M\u00e4rz 10.07.1962: Verwaltungsgeb\u00e4ude gerichtet, Unterkunftsgeb\u00e4ude im August 23.01.1962: Erster Probealarm wird vom Warnbunker aus ausgel\u00f6st, offizielle Inbetriebnahme des Bunkers im M\u00e4rz 05.07.1963: &#8230; <a title=\"Warnamt II\" class=\"read-more\" href=\"https:\/\/warnamt.de\/index.php\/geschichte\/warnamt-ii\/\">weiterlesen<\/a><\/p>\n","protected":false},"author":2,"featured_media":285,"parent":8,"menu_order":0,"comment_status":"closed","ping_status":"closed","template":"","meta":{"jetpack_post_was_ever_published":false,"footnotes":""},"class_list":["post-120","page","type-page","status-publish","has-post-thumbnail"],"jetpack_sharing_enabled":true,"jetpack_shortlink":"https:\/\/wp.me\/P7YmU7-1W","_links":{"self":[{"href":"https:\/\/warnamt.de\/index.php\/wp-json\/wp\/v2\/pages\/120","targetHints":{"allow":["GET"]}}],"collection":[{"href":"https:\/\/warnamt.de\/index.php\/wp-json\/wp\/v2\/pages"}],"about":[{"href":"https:\/\/warnamt.de\/index.php\/wp-json\/wp\/v2\/types\/page"}],"author":[{"embeddable":true,"href":"https:\/\/warnamt.de\/index.php\/wp-json\/wp\/v2\/users\/2"}],"replies":[{"embeddable":true,"href":"https:\/\/warnamt.de\/index.php\/wp-json\/wp\/v2\/comments?post=120"}],"version-history":[{"count":24,"href":"https:\/\/warnamt.de\/index.php\/wp-json\/wp\/v2\/pages\/120\/revisions"}],"predecessor-version":[{"id":634,"href":"https:\/\/warnamt.de\/index.php\/wp-json\/wp\/v2\/pages\/120\/revisions\/634"}],"up":[{"embeddable":true,"href":"https:\/\/warnamt.de\/index.php\/wp-json\/wp\/v2\/pages\/8"}],"wp:featuredmedia":[{"embeddable":true,"href":"https:\/\/warnamt.de\/index.php\/wp-json\/wp\/v2\/media\/285"}],"wp:attachment":[{"href":"https:\/\/warnamt.de\/index.php\/wp-json\/wp\/v2\/media?parent=120"}],"curies":[{"name":"wp","href":"https:\/\/api.w.org\/{rel}","templated":true}]}}